{"id":542,"date":"2022-11-01T19:29:27","date_gmt":"2022-11-01T19:29:27","guid":{"rendered":"http:\/\/www.taekwondovereinneustift.at\/?page_id=542"},"modified":"2022-11-01T19:29:27","modified_gmt":"2022-11-01T19:29:27","slug":"datenschutz","status":"publish","type":"page","link":"https:\/\/www.taekwondovereinneustift.at\/?page_id=542","title":{"rendered":"Datenschutz"},"content":{"rendered":"\n<h3 class=\"wp-block-heading\">Sicherheit und Anonymit\u00e4t<\/h3>\n\n\n\n<p>Vielen Dank f\u00fcr dein Interesse an unserer Website! Uns ist der Schutz deiner personenbezogenen Daten ein gro\u00dfes Anliegen. Wir behandeln die uns anvertrauten Daten daher entsprechend streng vertraulich und gehen damit verantwortungsvoll um. Wir verarbeiten deine Daten ausschlie\u00dflich auf Grundlage der gesetzlichen Bestimmungen (DSGVO, TKG 2003). In dieser Datenschutzerkl\u00e4rung informieren wir dich \u00fcber die wichtigsten Aspekte der Datenverarbeitung im Rahmen unserer Plattform.<\/p>\n\n\n\n<p>Die Datenverarbeitung auf dieser Webstite erfolgt zum Zeitpunkt der Datenerhebung durch den Verantwortlichen:<strong>Taekwondoverein Neustift<\/strong><\/p>\n\n\n\n<p>Taekwondoverein Neustift \/\u00a0Waldstra\u00dfe 12 \/ 6167 Neustift \u00a0\/\u00a0Wolfgang Daubek \/\u00a0+43 664 34 180 60 \/\u00a0<a href=\"mailto:info@daubek.com\">info@daubek.com<\/a>\u00a0\/\u00a0<br>ZVR-Zahl: 858715762<\/p>\n\n\n\n<p>Der Kontakt zur Aus\u00fcbung der Betroffenenrechte ist ebenfalls \u00fcber die obigen Daten herzustellen.<\/p>\n\n\n\n<h3 class=\"wp-block-heading\">Serverdaten<\/h3>\n\n\n\n<p>Aus technischen Gr\u00fcnden werden beim Besuch der Website u.a. folgende Daten, die dein Internet-Browser an uns bzw. an unseren Webspace-Provider \u00fcbermittelt, erfasst (sogenannte Serverlogfiles):<\/p>\n\n\n\n<ul class=\"wp-block-list\"><li>Browserinformationen<\/li><li>Betriebssysteminformationen<\/li><li>Webseite-Adresse, von welcher du uns besuchst (Referrer URL)<\/li><li>Webseite-Adresse, welche du besuchst<\/li><li>Zeitpunkt des Zugriffs<\/li><li>IP-Adresse<\/li><\/ul>\n\n\n\n<p>Diese anonymen Daten werden getrennt von deinen eventuell angegebenen personenbezogenen Daten gespeichert und lassen so keine R\u00fcckschl\u00fcsse auf eine bestimmte Person zu. Sie werden zu statistischen Zwecken ausgewertet, um unseren Internetauftritt und unsere Angebote optimieren zu k\u00f6nnen.<\/p>\n\n\n\n<h3 class=\"wp-block-heading\">Erhebung und Verarbeitung personenbezogener Daten<\/h3>\n\n\n\n<h4 class=\"wp-block-heading\">Besuch und Betrieb unserer Website<\/h4>\n\n\n\n<p>Bei Besuch unserer Web-Seiten zur reinen Informationsaufnahme, also, wenn du uns nicht anderweitig personenbezogene Daten \u00fcbermittelst, werden aus technischen Gr\u00fcnden jene personenbezogenen Daten erhoben, die dein Browser an unsere Server \u00fcbermittelt. Diese Datenverarbeitung erfolgt aufgrund unseres berechtigten Interesses, unseren Verein nach au\u00dfen darzustellen und unsere Arbeit und unser Angebot zu pr\u00e4sentieren. Wir verarbeiten daher zu diesem Zweck die im Rahmen der technisch erforderlichen Cookies \u00fcbermittelten Daten.<\/p>\n\n\n\n<p>Personenbezogene Daten, die zum Betrieb der Website nicht zwingend erforderlich sind, verarbeiten wir ausschlie\u00dflich, wenn eine entsprechende Einwilligung dazu im Zuge des Cookie-Banners oder nachfolgend in den individuellen Datenschutzeinstellungen erteilt wurde. Diese Einwilligung kann auch jederzeit widerrufen werden, indem die Datenschutzeinstellungen in den&nbsp;<a href=\"https:\/\/scorpions.sportunion.at\/datenschutzerklaerung-vereine\/#cookie-settings\">Cookie-Einstellungen<\/a>&nbsp;ge\u00e4ndert werden. Um festzulegen, wie du Cookies nutzt, k\u00f6nnen in den jeweiligen Browser-Einstellungen Anpassungen vorgenommen werden. Standardm\u00e4\u00dfig sind alle Third-Party-Cookies deaktiviert. \u00dcber den Cookie-Banner, der beim ersten Besuch auf unserer Website eingeblendet wird, kannst du diese aktivieren. Werden bestimmte Cookies nicht akzeptiert, kann dies mit einer Funktionsbeeintr\u00e4chtigung in der Nutzung von verschiedenen Inhalten unserer Website verbunden sein. Cookie-Einstellungen kannst du hier \u00e4ndern:&nbsp;<a href=\"https:\/\/scorpions.sportunion.at\/datenschutzerklaerung-vereine\/#cookie-settings\">Cookie-Einstellungen<\/a><\/p>\n\n\n\n<h5 class=\"wp-block-heading\">Cookies<\/h5>\n\n\n\n<p>Cookies sind kleine Textdateien, die im Speicher deines Ger\u00e4tes, mit dem du das Internet nutzen, dem von dir genutzten Browser zugeordnet abgespeichert werden. Um die Nutzung unserer Web-Seiten effektiver und nutzerfreundlicher zu gestalten, werden bei deinem Besuch unserer Web-Seiten Cookies auf deinem Ger\u00e4t gespeichert, wodurch uns ebenfalls (abh\u00e4ngig vom Cookie) Informationen zuflie\u00dfen k\u00f6nnen. Cookies k\u00f6nnen aber keine Programme ausf\u00fchren oder Schadsoftware auf dein Ger\u00e4t \u00fcbertragen.<\/p>\n\n\n\n<h6 class=\"wp-block-heading\">Unsere Website nutzt<\/h6>\n\n\n\n<p><strong>Unbedingt erforderliche Cookies<\/strong><\/p>\n\n\n\n<p>Transiente Cookies; solche werden automatisch nach Schlie\u00dfung des Browsers oder durch \u201eausloggen\u201c gel\u00f6scht. Dazu z\u00e4hlen insbesondere Session-Cookies, womit eine sog. Session-ID, mit welcher sich verschiedene Anfragen deines Browsers der gemeinsamen Sitzung zuordnen lassen, gespeichert werden. Aufgrund dessen kann dein Ger\u00e4t\/Rechner wiedererkannt werden, wenn auf die Web-Seite wieder zugegriffen wird.<\/p>\n\n\n\n<p><strong>Optionale Cookies<\/strong><\/p>\n\n\n\n<p>Diese sind in mehrere Kategorien gegliedert und k\u00f6nnen per Schieberegler aktiviert oder deaktivert werden. Beachte, dass bei Deaktivierung einige Inhalte unserer Website nicht oder nicht richtig dargestellt werden k\u00f6nnen.<\/p>\n\n\n\n<h5 class=\"wp-block-heading\">Einsatz von Google Analytics<\/h5>\n\n\n\n<p>Diese Website benutzt Google Analytics, einen Webanalysedienst der Google Inc. (\u201eGoogle\u201c). Die Benutzung erfolgt auf der Rechtsgrundlage des Art. 6 Abs. 1 S. 1 lit. f. DSGVO (Einwilligung des Betroffenen).<br>Google Analytics verwendet sog. \u201eCookies\u201c, Textdateien, die auf deinem Computer gespeichert werden und die eine Analyse der Benutzung der Webseite durch dich erm\u00f6glichen. Die durch das Cookie erzeugten Informationen \u00fcber deine Benutzung der Webseite wie<\/p>\n\n\n\n<ul class=\"wp-block-list\"><li>Browser-Typ\/-Version,<\/li><li>verwendetes Betriebssystem,<\/li><li>Referrer-URL (die zuvor besuchte Seite),<\/li><li>Hostname des zugreifenden Rechners (IP-Adresse),<\/li><li>Uhrzeit der Serveranfrage,<\/li><\/ul>\n\n\n\n<p>werden in der Regel an einen Server von Google in den USA \u00fcbertragen und dort gespeichert.<\/p>\n\n\n\n<h6 class=\"wp-block-heading\">Anonymisierung der IP-Adresse<\/h6>\n\n\n\n<p>Die im Rahmen von Google Analytics von deinem Browser \u00fcbermittelte IP-Adresse wird nicht mit anderen Daten von Google zusammengef\u00fchrt. Wir haben zudem auf dieser Webseite Google Analytics um den Code \u201eanonymizeIP\u201c erweitert. Dies garantiert die Maskierung deiner IP-Adresse, sodass alle Daten anonym erhoben werden. Nur in Ausnahmef\u00e4llen wird die volle IP-Adresse an einen Server von Google in den USA \u00fcbertragen und dort gek\u00fcrzt.<\/p>\n\n\n\n<p>Im Auftrag des Betreibers dieser Website wird Google diese Information benutzen, um deine Nutzung der Webseite auszuwerten, um Reports \u00fcber die Webseiten-Aktivit\u00e4ten zusammenzustellen und um weitere mit der Webseiten-Nutzung und der Internetnutzung verbundene Dienstleistungen gegen\u00fcber dem Webseitenbetreiber zu erbringen. Du kannst die Speicherung der Cookies durch eine entsprechende Einstellung deiner Browser-Software verhindern; wir weisen dich jedoch darauf hin, dass du in diesem Fall m\u00f6glicherweise nicht s\u00e4mtliche Funktionen dieser Webseite vollumf\u00e4nglich wirst nutzen k\u00f6nnen.<\/p>\n\n\n\n<p>Wir nutzen Google Analytics weiterhin dazu, Daten aus Double-Click-Cookies und auch AdWords zu statistischen Zwecken auszuwerten. Solltest du dies nicht w\u00fcnschen, kannst du dies \u00fcber den Anzeigenvorgaben-Manager (<a href=\"http:\/\/www.google.com\/settings\/ads\/onweb\/?hl=de\">http:\/\/www.google.com\/settings\/ads\/onweb\/?hl=de<\/a>) deaktivieren.<\/p>\n\n\n\n<p>Weitere Informationen zum Datenschutz im Zusammenhang mit Google Analytics findest du etwa in der Google Analytics-Hilfe (<a href=\"https:\/\/support.google.com\/analytics\/answer\/6004245?hl=de\">https:\/\/support.google.com\/analytics\/answer\/6004245?hl=de<\/a>).<\/p>\n\n\n\n<h4 class=\"wp-block-heading\">Kontaktaufnahmen via Kontaktformular, E-Mail, Brief, Telefon oder Fax<\/h4>\n\n\n\n<p>Bei einer Kontaktaufnahme werden die von dir mitgeteilten Daten (Name, Adresse, Telefonnummer, E-Mail-Adresse und ggf. weitere fallspezifische Daten) gespeichert, um deine Fragen zu beantworten, dein Anliegen z\u00fcgig zu bearbeiten und einen erneuten Kontakt zu dir aufzubauen. Die in diesem Zusammenhang anfallenden Daten werden gel\u00f6scht, so nicht ein Vertrag zwischen uns zustande kommt und sobald die Speicherung nicht mehr erforderlich ist bzw. wird die Datenverarbeitung auf das gesetzliche Mindestma\u00df eingeschr\u00e4nkt, falls gesetzlich Aufbewahrungsfristen vorgesehen sind. Im Falle eines Vertragsabschlusses ist die Datenschutzerkl\u00e4rung im Vertrag f\u00fcr die Datenverarbeitung beachtlich.<\/p>\n\n\n\n<p>Rechtsgrundlage bildet, sofern nicht ein Vertrag vorbereitet oder abgeschlossen wird (zB bei einer Kursanmeldung bzw. Anfragen dazu) oder berechtigte Interessen von uns vorliegen (zB die Information \u00fcber weitere Angebote an Mitglieder bzw. an Kunden), die im Zuge der Kontaktaufnahme implizit erteilte Einwilligung zur Verarbeitung. Diese Einwilligung kann jederzeit unter oben angegebenen Kontaktdaten\u00a0widerrufen werden, wobei wir darauf hinweisen, dass dann keine weitere Bearbeitung deines Anliegens mehr m\u00f6glich ist. F\u00fcr einen Vertragsabschluss ist die Bereitstellung der abgefragten Daten jedenfalls erforderlich.<\/p>\n\n\n\n<p>Sofern erforderlich, werden wir die personenbezogenen Daten auch an Dienstleister weitergeben (z.B. bei bekanntgegebenem Interesse an Kursbuchungen etc.). Darauf werden wir allenfalls gesondert hinweisen.<\/p>\n\n\n\n<h3 class=\"wp-block-heading\">Datensicherheit<\/h3>\n\n\n\n<p>Wir treffen alle notwendigen und angemessenen technischen und organisatorischen Sicherheitsma\u00dfnahmen, um deine personenbezogenen Daten vor Verlust und Missbrauch zu sch\u00fctzen. Deine Daten werden in einer sicheren, dem Stand der Technik entsprechenden Betriebsumgebung gespeichert.<\/p>\n\n\n\n<p>Der Zugang zu unseren Websites wird \u00fcber HTTPS gesichert. Das bedeutet, dass die Kommunikation zwischen deinem Endger\u00e4t und unseren Servern verschl\u00fcsselt erfolgt.<\/p>\n\n\n\n<p>Solltest du mit uns oder unseren Mitarbeiterinnen oder Mitarbeitern per E-Mail in Kontakt treten wollen, weisen wir darauf hin, dass die Vertraulichkeit der \u00fcbermittelten Informationen nicht gew\u00e4hrleistet ist. Der Inhalt von E-Mails kann aufgrund ihrer technischen Konzeption von Dritten eingesehen werden, sofern nicht besondere technische Sicherheitsma\u00dfnahmen ergriffen werden.<\/p>\n\n\n\n<h3 class=\"wp-block-heading\">Deine Rechte<\/h3>\n\n\n\n<p>Du hast gem. Art 13 (2) lit b) DSGVO uns gegen\u00fcber hinsichtlich der dich betreffenden personenbezogenen Daten ein Recht auf Auskunft, Berichtigung oder L\u00f6schung, Einschr\u00e4nkung der Verarbeitung, Widerspruch gegen die Verarbeitung und Daten\u00fcbertragbarkeit.<\/p>\n\n\n\n<p>Dar\u00fcber hinaus hast du gem. Art 13 (2) lit d) DSGVO das Recht, dich bei der Datenschutzbeh\u00f6rde \u00fcber die Verarbeitung deiner personenbezogenen Daten durch uns zu beschweren.<\/p>\n\n\n\n<p>Zur Wahrnehmung deiner Rechte kann es \u2013 je nach Art und Umfang deines Anliegens \u2013 auch notwendig sein, dass du deine Identit\u00e4t in geeigneter Form nachweist.<\/p>\n\n\n\n<p>Ausk\u00fcnfte aufgrund wiederholter Auskunftsersuchen sind gem. Art 15 (3) DSGVO kostenpflichtig. Hingewiesen wird auch darauf, dass das Recht auf Erhalt einer Kopie gem. Art 15 (1) lit b) DSGVO, die Rechte und Freiheiten anderer Personen nicht beeintr\u00e4chtigen darf.<\/p>\n\n\n\n<p>Diese Datenschutzerkl\u00e4rung bezieht sich auf die jeweils g\u00fcltige Rechtslage. Wir behalten uns k\u00fcnftige \u00c4nderungen oder Anpassungen ausdr\u00fccklich vor. Daher empfehlen wir dir, diese Datenschutzbestimmungen regelm\u00e4\u00dfig zu lesen, um \u00fcber die Verwendung personenbezogener Daten informiert zu bleiben.<\/p>\n","protected":false},"excerpt":{"rendered":"<p>Sicherheit und Anonymit\u00e4t Vielen Dank f\u00fcr dein Interesse an unserer Website! Uns ist der Schutz deiner personenbezogenen Daten ein gro\u00dfes Anliegen. Wir behandeln die uns anvertrauten Daten daher entsprechend streng vertraulich und gehen damit verantwortungsvoll um. Wir verarbeiten deine Daten ausschlie\u00dflich auf Grundlage der gesetzlichen Bestimmungen (DSGVO, TKG 2003). In dieser Datenschutzerkl\u00e4rung informieren wir dich [&hellip;]<\/p>\n","protected":false},"author":1,"featured_media":0,"parent":0,"menu_order":0,"comment_status":"closed","ping_status":"closed","template":"","meta":{"footnotes":""},"class_list":["post-542","page","type-page","status-publish","hentry"],"_links":{"self":[{"href":"https:\/\/www.taekwondovereinneustift.at\/index.php?rest_route=\/wp\/v2\/pages\/542","targetHints":{"allow":["GET"]}}],"collection":[{"href":"https:\/\/www.taekwondovereinneustift.at\/index.php?rest_route=\/wp\/v2\/pages"}],"about":[{"href":"https:\/\/www.taekwondovereinneustift.at\/index.php?rest_route=\/wp\/v2\/types\/page"}],"author":[{"embeddable":true,"href":"https:\/\/www.taekwondovereinneustift.at\/index.php?rest_route=\/wp\/v2\/users\/1"}],"replies":[{"embeddable":true,"href":"https:\/\/www.taekwondovereinneustift.at\/index.php?rest_route=%2Fwp%2Fv2%2Fcomments&post=542"}],"version-history":[{"count":1,"href":"https:\/\/www.taekwondovereinneustift.at\/index.php?rest_route=\/wp\/v2\/pages\/542\/revisions"}],"predecessor-version":[{"id":543,"href":"https:\/\/www.taekwondovereinneustift.at\/index.php?rest_route=\/wp\/v2\/pages\/542\/revisions\/543"}],"wp:attachment":[{"href":"https:\/\/www.taekwondovereinneustift.at\/index.php?rest_route=%2Fwp%2Fv2%2Fmedia&parent=542"}],"curies":[{"name":"wp","href":"https:\/\/api.w.org\/{rel}","templated":true}]}}