{"id":540,"date":"2022-11-01T19:22:39","date_gmt":"2022-11-01T19:22:39","guid":{"rendered":"http:\/\/www.taekwondovereinneustift.at\/?page_id=540"},"modified":"2025-08-31T17:58:30","modified_gmt":"2025-08-31T17:58:30","slug":"impressum","status":"publish","type":"page","link":"https:\/\/www.taekwondovereinneustift.at\/?page_id=540","title":{"rendered":"Impressum"},"content":{"rendered":"\n<p><strong>Offenlegung gem. \u00a7\u00a7 24, 25 MedienG sowie Angaben gem. \u00a7 5 ECG<\/strong><\/p>\n\n\n\n<h3 class=\"wp-block-heading\">Medieninhaber, Herausgeber<\/h3>\n\n\n\n<p><strong>Taekwondoverein Neustift<\/strong><br>Taekwondoverein Neustift \/&nbsp;Waldstra\u00dfe 12 \/ 6167 Neustift &nbsp;\/&nbsp;Wolfgang Daubek \/&nbsp;+43 664 34 180 60 \/&nbsp;<a href=\"mailto:info@daubek.com\">info@taekwondovereinneustift.at<\/a>&nbsp;\/&nbsp;<br>ZVR-Zahl: 858715762<\/p>\n\n\n\n<h4 class=\"wp-block-heading\">Vorstandsmitglieder<\/h4>\n\n\n\n<p>Wolfgang Daubek, Obmann<br>Patrick Berthelot, Obmann-Stellvertreter<br>Matthias Riedl, Kassier<br>Lena Kofler, Schriftf\u00fchrerin<\/p>\n\n\n\n<h4 class=\"wp-block-heading\">Vereinszweck<\/h4>\n\n\n\n<p>Der Verein, dessen T\u00e4tigkeit nicht auf Gewinn ausgerichtet ist, bezweckt<\/p>\n\n\n\n<ol class=\"wp-block-list\">\n<li>die Pflege und Bet\u00e4tigung von Taekwondo und von sportlichen Taekwondo-Veranstaltungen im Rahmen von Freundschaft- und Wettbewerben.<\/li>\n\n\n\n<li>die Pflege von geselligen Zusammenk\u00fcnften<\/li>\n<\/ol>\n\n\n\n<h3 class=\"wp-block-heading\">Grundlegende Richtlinien von taekwondovereinneustift.at (- Offenlegung):<\/h3>\n\n\n\n<p>taekwondovereinneustift.at versteht sich als Vereinswebsite f\u00fcr Sportinteressierte und Vereinsmitglieder aus dem deutschsprachigen Raum. Neben Vereinsinformationen ver\u00f6ffentlichen wir aktuelle \u00c4nderungen zum Training.<\/p>\n\n\n\n<h3 class=\"wp-block-heading\">Website-System<\/h3>\n\n\n\n<p>Diese Website wurde mit Elementor Pro in WordPress programmiert.<\/p>\n\n\n\n<p><strong>Entwicklung:&nbsp;<\/strong><\/p>\n\n\n\n<p>Stefanie Daubek \/ office@stefaniedaubek.com<\/p>\n\n\n\n<h3 class=\"wp-block-heading\">Copyright und Urheberrecht<\/h3>\n\n\n\n<p>Der Inhalt dieser Website ist durch das Urheberrecht gesch\u00fctzt. Die Verwendung, Speicherung, Vervielf\u00e4ltigung und Weitergabe von Inhalten dieser Website kann nur mit dem Einverst\u00e4ndnis der Eigent\u00fcmer erfolgen.<\/p>\n\n\n\n<h3 class=\"wp-block-heading\">Nennung von gesch\u00fctzten Bezeichnungen, Warenzeichen, Marken, Firmennamen etc.<\/h3>\n\n\n\n<p>Alle in dieser Website genannten Bezeichnungen k\u00f6nnen gesch\u00fctzt sein. Die Nennung dieser Bezeichnungen ohne den Hinweis auf ein (eingetragenes und\/oder gesch\u00fctztes) Waren-, Markenzeichen o. \u00e4. ist nicht als Verletzung der Schutzrechte dieser Bezeichnungen und nicht als Sch\u00e4digung der Firmen, die diese Rechte besitzen, anzusehen.<\/p>\n\n\n\n<h3 class=\"wp-block-heading\">Preisauszeichnungen<\/h3>\n\n\n\n<p>Alle angegebenen Preise sind Bruttopreise, verstehen sich also inklusive aller Steuern und Abgaben. Die W\u00e4hrungseinheit ist Euro.<\/p>\n\n\n\n<h3 class=\"wp-block-heading\">Haftung f\u00fcr Links<\/h3>\n\n\n\n<p>Links auf unserer Website werden regelm\u00e4\u00dfig \u00fcberpr\u00fcft. Wir sind dir aber dankbar, wenn du einen defekten Link oder einen auf ein illegales Angebot verweisenden Link meldest. Wir werden uns umgehend mit der Bearbeitung befassen. Links zu anderen Websites werden ausschlie\u00dflich zur Erleichterung deiner Online-T\u00e4tigkeit bereitgestellt. Wenn du diese Links nutzt, verl\u00e4sst du diese Website. Wir haben keine Kontrolle und Verantwortung f\u00fcr diese Websites, ihre Inhalte und Datenschutzrichtlinien. Deshalb geben wir keinerlei Best\u00e4tigungen oder Erkl\u00e4rungen zu diesen Websites oder jeglichen dort auffindbaren Informationen, Softwareprogrammen, anderen Produkten oder Materialien oder durch deren Nutzung erzielbare Ergebnisse ab. Der Besuch dieser Websites liegt in deiner eigenen Verantwortung.<\/p>\n\n\n\n<h3 class=\"wp-block-heading\">Gender-Hinweis<\/h3>\n\n\n\n<p>Wir wollen auf unserer Website alle Geschlechter gleichwertig ansprechen. Daher verwenden wir, wo m\u00f6glich, geschlechtsneutrale Begriffe, f\u00fchren andernfalls sowohl m\u00e4nnliche als auch weibliche Formen an oder w\u00e4hlen \u2013 bei Platzmangel \u2013 das Binnen-I als Schreibweise. Sollten wir an einzelnen Stellen auf ein Gendern der Begriffe verzichten, impliziert dies keinesfalls eine Benachteiligung des jeweils anderen Geschlechts. Frauen und M\u00e4nner m\u00f6gen sich von den Inhalten unserer Website gleicherma\u00dfen angesprochen f\u00fchlen. Wir danken f\u00fcr dein Verst\u00e4ndnis.<\/p>\n\n\n\n<h3 class=\"wp-block-heading\">Fotos (unter anderem)<\/h3>\n\n\n\n<p>Taekwondoverein Neustift<\/p>\n","protected":false},"excerpt":{"rendered":"<p>Offenlegung gem. \u00a7\u00a7 24, 25 MedienG sowie Angaben gem. \u00a7 5 ECG Medieninhaber, Herausgeber Taekwondoverein NeustiftTaekwondoverein Neustift \/&nbsp;Waldstra\u00dfe 12 \/ 6167 Neustift &nbsp;\/&nbsp;Wolfgang Daubek \/&nbsp;+43 664 34 180 60 \/&nbsp;info@taekwondovereinneustift.at&nbsp;\/&nbsp;ZVR-Zahl: 858715762 Vorstandsmitglieder Wolfgang Daubek, ObmannPatrick Berthelot, Obmann-StellvertreterMatthias Riedl, KassierLena Kofler, Schriftf\u00fchrerin Vereinszweck Der Verein, dessen T\u00e4tigkeit nicht auf Gewinn ausgerichtet ist, bezweckt Grundlegende Richtlinien von [&hellip;]<\/p>\n","protected":false},"author":1,"featured_media":0,"parent":0,"menu_order":0,"comment_status":"closed","ping_status":"closed","template":"","meta":{"footnotes":""},"class_list":["post-540","page","type-page","status-publish","hentry"],"_links":{"self":[{"href":"https:\/\/www.taekwondovereinneustift.at\/index.php?rest_route=\/wp\/v2\/pages\/540","targetHints":{"allow":["GET"]}}],"collection":[{"href":"https:\/\/www.taekwondovereinneustift.at\/index.php?rest_route=\/wp\/v2\/pages"}],"about":[{"href":"https:\/\/www.taekwondovereinneustift.at\/index.php?rest_route=\/wp\/v2\/types\/page"}],"author":[{"embeddable":true,"href":"https:\/\/www.taekwondovereinneustift.at\/index.php?rest_route=\/wp\/v2\/users\/1"}],"replies":[{"embeddable":true,"href":"https:\/\/www.taekwondovereinneustift.at\/index.php?rest_route=%2Fwp%2Fv2%2Fcomments&post=540"}],"version-history":[{"count":4,"href":"https:\/\/www.taekwondovereinneustift.at\/index.php?rest_route=\/wp\/v2\/pages\/540\/revisions"}],"predecessor-version":[{"id":619,"href":"https:\/\/www.taekwondovereinneustift.at\/index.php?rest_route=\/wp\/v2\/pages\/540\/revisions\/619"}],"wp:attachment":[{"href":"https:\/\/www.taekwondovereinneustift.at\/index.php?rest_route=%2Fwp%2Fv2%2Fmedia&parent=540"}],"curies":[{"name":"wp","href":"https:\/\/api.w.org\/{rel}","templated":true}]}}